{"id":8206,"date":"2022-12-12T09:11:29","date_gmt":"2022-12-12T09:11:29","guid":{"rendered":"https:\/\/hibiscus2.hotel-webdesign.fr\/?page_id=8206"},"modified":"2024-12-03T12:33:33","modified_gmt":"2024-12-03T12:33:33","slug":"reservation-apartment-guyana","status":"publish","type":"page","link":"https:\/\/www.location-vacances-guyane.com\/en\/reservation-apartment-guyana\/","title":{"rendered":"Reservation Apartment Guyane"},"content":{"rendered":"<div data-elementor-type=\"wp-page\" data-elementor-id=\"8206\" class=\"elementor elementor-8206\">\n\t\t\t\t\t\t<section class=\"elementor-section elementor-top-section elementor-element elementor-element-78c39df1 elementor-section-stretched elementor-section-content-middle elementor-section-boxed elementor-section-height-default elementor-section-height-default\" data-id=\"78c39df1\" data-element_type=\"section\" data-e-type=\"section\" data-settings=\"{&quot;stretch_section&quot;:&quot;section-stretched&quot;,&quot;background_background&quot;:&quot;classic&quot;}\">\n\t\t\t\t\t\t\t<div class=\"elementor-background-overlay\"><\/div>\n\t\t\t\t\t\t\t<div class=\"elementor-container elementor-column-gap-default\">\n\t\t\t\t\t<div class=\"elementor-column elementor-col-100 elementor-top-column elementor-element elementor-element-2601a124\" data-id=\"2601a124\" data-element_type=\"column\" data-e-type=\"column\">\n\t\t\t<div class=\"elementor-widget-wrap elementor-element-populated\">\n\t\t\t\t\t\t<div class=\"elementor-element elementor-element-f716380 elementor-widget elementor-widget-heading\" data-id=\"f716380\" data-element_type=\"widget\" data-e-type=\"widget\" data-widget_type=\"heading.default\">\n\t\t\t\t<div class=\"elementor-widget-container\">\n\t\t\t\t\t<h3 class=\"elementor-heading-title elementor-size-default\">Residence - Furnished apartments in Cayenne, French Guiana\n\n<\/h3>\t\t\t\t<\/div>\n\t\t\t\t<\/div>\n\t\t\t\t<div class=\"elementor-element elementor-element-5e878e6e elementor-widget elementor-widget-heading\" data-id=\"5e878e6e\" data-element_type=\"widget\" data-e-type=\"widget\" data-widget_type=\"heading.default\">\n\t\t\t\t<div class=\"elementor-widget-container\">\n\t\t\t\t\t<h1 class=\"elementor-heading-title elementor-size-default\">Reservation<\/h1>\t\t\t\t<\/div>\n\t\t\t\t<\/div>\n\t\t\t\t\t<\/div>\n\t\t<\/div>\n\t\t\t\t\t<\/div>\n\t\t<\/section>\n\t\t<div class=\"elementor-element elementor-element-7b53156 e-flex e-con-boxed e-con e-parent\" data-id=\"7b53156\" data-element_type=\"container\" data-e-type=\"container\">\n\t\t\t\t\t<div class=\"e-con-inner\">\n\t\t\t\t<div class=\"elementor-element elementor-element-3af82a7 elementor-widget elementor-widget-text-editor\" data-id=\"3af82a7\" data-element_type=\"widget\" data-e-type=\"widget\" data-widget_type=\"text-editor.default\">\n\t\t\t\t<div class=\"elementor-widget-container\">\n\t\t\t\t\t\t\t\t\t<p><span style=\"color: #ff0000;\"><strong>Can't find what you're looking for? Do an availability search <a style=\"color: #ff0000;\" href=\"https:\/\/www.appart-hotel-guyane.com\/reservation-appart-hotel\/\" target=\"_blank\" rel=\"noopener\">on the site of our second residence<\/a>in the immediate vicinity.<\/strong><\/span><\/p>\t\t\t\t\t\t\t\t<\/div>\n\t\t\t\t<\/div>\n\t\t\t\t\t<\/div>\n\t\t\t\t<\/div>\n\t\t\t\t<section class=\"elementor-section elementor-top-section elementor-element elementor-element-53512d8 elementor-section-boxed elementor-section-height-default elementor-section-height-default\" data-id=\"53512d8\" data-element_type=\"section\" data-e-type=\"section\">\n\t\t\t\t\t\t<div class=\"elementor-container elementor-column-gap-default\">\n\t\t\t\t\t<div class=\"elementor-column elementor-col-100 elementor-top-column elementor-element elementor-element-c89a20a\" data-id=\"c89a20a\" data-element_type=\"column\" data-e-type=\"column\">\n\t\t\t<div class=\"elementor-widget-wrap elementor-element-populated\">\n\t\t\t\t\t\t<div class=\"elementor-element elementor-element-c111563 elementor-widget elementor-widget-shortcode\" data-id=\"c111563\" data-element_type=\"widget\" data-e-type=\"widget\" data-widget_type=\"shortcode.default\">\n\t\t\t\t<div class=\"elementor-widget-container\">\n\t\t\t\t\t\t\t<div class=\"elementor-shortcode\"><\/div>\n\t\t\t\t\t\t<\/div>\n\t\t\t\t<\/div>\n\t\t\t\t\t<\/div>\n\t\t<\/div>\n\t\t\t\t\t<\/div>\n\t\t<\/section>\n\t\t\t\t<\/div>","protected":false},"excerpt":{"rendered":"<p>Residence - Furnished apartments in Cayenne, French Guiana Reservation Can't find what you're looking for? Search for availability on the website of our second residence, in the immediate vicinity.<\/p>","protected":false},"author":1,"featured_media":8699,"parent":0,"menu_order":0,"comment_status":"closed","ping_status":"closed","template":"","meta":{"footnotes":""},"class_list":["post-8206","page","type-page","status-publish","has-post-thumbnail","hentry"],"yoast_head":"<!-- This site is optimized with the Yoast SEO plugin v27.5 - https:\/\/yoast.com\/product\/yoast-seo-wordpress\/ -->\n<title>Reservation Appartement Guyane - Location Vacances Appart Hotel Guyane<\/title>\n<meta name=\"description\" content=\"R\u00e9servation appartement en Guyane proche de Cayenne, R\u00e9sidence hibiscus 5 \u00e9toiles r\u00e9servation en direct Meubl\u00e9 touristique r\u00e9sidence\" \/>\n<meta name=\"robots\" content=\"index, follow, max-snippet:-1, max-image-preview:large, max-video-preview:-1\" \/>\n<link rel=\"canonical\" href=\"https:\/\/www.location-vacances-guyane.com\/en\/reservation-apartment-guyana\/\" \/>\n<meta property=\"og:locale\" content=\"en_US\" \/>\n<meta property=\"og:type\" content=\"article\" \/>\n<meta property=\"og:title\" content=\"Reservation Appartement Guyane - Location Vacances Appart Hotel Guyane\" \/>\n<meta property=\"og:description\" content=\"R\u00e9servation appartement en Guyane proche de Cayenne, R\u00e9sidence hibiscus 5 \u00e9toiles r\u00e9servation en direct Meubl\u00e9 touristique r\u00e9sidence\" \/>\n<meta property=\"og:url\" content=\"https:\/\/www.location-vacances-guyane.com\/en\/reservation-apartment-guyana\/\" \/>\n<meta property=\"og:site_name\" content=\"Location Vacances Appart Hotel Guyane\" \/>\n<meta property=\"article:modified_time\" content=\"2024-12-03T12:33:33+00:00\" \/>\n<meta property=\"og:image\" content=\"https:\/\/www.location-vacances-guyane.com\/wp-content\/uploads\/2023\/01\/res.hibiscus-002.jpg\" \/>\n\t<meta property=\"og:image:width\" content=\"2400\" \/>\n\t<meta property=\"og:image:height\" content=\"1600\" \/>\n\t<meta property=\"og:image:type\" content=\"image\/jpeg\" \/>\n<meta name=\"twitter:card\" content=\"summary_large_image\" \/>\n<meta name=\"twitter:label1\" content=\"Est. reading time\" \/>\n\t<meta name=\"twitter:data1\" content=\"1 minute\" \/>\n<script type=\"application\/ld+json\" class=\"yoast-schema-graph\">{\"@context\":\"https:\\\/\\\/schema.org\",\"@graph\":[{\"@type\":\"WebPage\",\"@id\":\"https:\\\/\\\/www.location-vacances-guyane.com\\\/reservation-appartement-guyane\\\/\",\"url\":\"https:\\\/\\\/www.location-vacances-guyane.com\\\/reservation-appartement-guyane\\\/\",\"name\":\"Reservation Appartement Guyane - Location Vacances Appart Hotel Guyane\",\"isPartOf\":{\"@id\":\"https:\\\/\\\/www.location-vacances-guyane.com\\\/#website\"},\"primaryImageOfPage\":{\"@id\":\"https:\\\/\\\/www.location-vacances-guyane.com\\\/reservation-appartement-guyane\\\/#primaryimage\"},\"image\":{\"@id\":\"https:\\\/\\\/www.location-vacances-guyane.com\\\/reservation-appartement-guyane\\\/#primaryimage\"},\"thumbnailUrl\":\"https:\\\/\\\/www.location-vacances-guyane.com\\\/wp-content\\\/uploads\\\/2023\\\/01\\\/res.hibiscus-002.jpg\",\"datePublished\":\"2022-12-12T09:11:29+00:00\",\"dateModified\":\"2024-12-03T12:33:33+00:00\",\"description\":\"R\u00e9servation appartement en Guyane proche de Cayenne, R\u00e9sidence hibiscus 5 \u00e9toiles r\u00e9servation en direct Meubl\u00e9 touristique r\u00e9sidence\",\"inLanguage\":\"en-US\",\"potentialAction\":[{\"@type\":\"ReadAction\",\"target\":[\"https:\\\/\\\/www.location-vacances-guyane.com\\\/reservation-appartement-guyane\\\/\"]}]},{\"@type\":\"ImageObject\",\"inLanguage\":\"en-US\",\"@id\":\"https:\\\/\\\/www.location-vacances-guyane.com\\\/reservation-appartement-guyane\\\/#primaryimage\",\"url\":\"https:\\\/\\\/www.location-vacances-guyane.com\\\/wp-content\\\/uploads\\\/2023\\\/01\\\/res.hibiscus-002.jpg\",\"contentUrl\":\"https:\\\/\\\/www.location-vacances-guyane.com\\\/wp-content\\\/uploads\\\/2023\\\/01\\\/res.hibiscus-002.jpg\",\"width\":2400,\"height\":1600,\"caption\":\"Location Vacances meubl\u00e9 tourisme Appart Hotel Guyane\"},{\"@type\":\"WebSite\",\"@id\":\"https:\\\/\\\/www.location-vacances-guyane.com\\\/#website\",\"url\":\"https:\\\/\\\/www.location-vacances-guyane.com\\\/\",\"name\":\"Location Vacances Appart Hotel Guyane\",\"description\":\"\",\"publisher\":{\"@id\":\"https:\\\/\\\/www.location-vacances-guyane.com\\\/#organization\"},\"potentialAction\":[{\"@type\":\"SearchAction\",\"target\":{\"@type\":\"EntryPoint\",\"urlTemplate\":\"https:\\\/\\\/www.location-vacances-guyane.com\\\/?s={search_term_string}\"},\"query-input\":{\"@type\":\"PropertyValueSpecification\",\"valueRequired\":true,\"valueName\":\"search_term_string\"}}],\"inLanguage\":\"en-US\"},{\"@type\":\"Organization\",\"@id\":\"https:\\\/\\\/www.location-vacances-guyane.com\\\/#organization\",\"name\":\"Location Vacances Appart Hotel Guyane\",\"url\":\"https:\\\/\\\/www.location-vacances-guyane.com\\\/\",\"logo\":{\"@type\":\"ImageObject\",\"inLanguage\":\"en-US\",\"@id\":\"https:\\\/\\\/www.location-vacances-guyane.com\\\/#\\\/schema\\\/logo\\\/image\\\/\",\"url\":\"https:\\\/\\\/www.location-vacances-guyane.com\\\/wp-content\\\/uploads\\\/2023\\\/02\\\/200residence-hibiscus.png\",\"contentUrl\":\"https:\\\/\\\/www.location-vacances-guyane.com\\\/wp-content\\\/uploads\\\/2023\\\/02\\\/200residence-hibiscus.png\",\"width\":200,\"height\":94,\"caption\":\"Location Vacances Appart Hotel Guyane\"},\"image\":{\"@id\":\"https:\\\/\\\/www.location-vacances-guyane.com\\\/#\\\/schema\\\/logo\\\/image\\\/\"}}]}<\/script>\n<!-- \/ Yoast SEO plugin. -->","yoast_head_json":{"title":"French Guiana Apartment Reservation - Holiday Rental Appart Hotel French Guiana","description":"Reservation apartment in French Guiana near Cayenne, Residence hibiscus 5 stars direct booking Furnished tourism residence","robots":{"index":"index","follow":"follow","max-snippet":"max-snippet:-1","max-image-preview":"max-image-preview:large","max-video-preview":"max-video-preview:-1"},"canonical":"https:\/\/www.location-vacances-guyane.com\/en\/reservation-apartment-guyana\/","og_locale":"en_US","og_type":"article","og_title":"Reservation Appartement Guyane - Location Vacances Appart Hotel Guyane","og_description":"R\u00e9servation appartement en Guyane proche de Cayenne, R\u00e9sidence hibiscus 5 \u00e9toiles r\u00e9servation en direct Meubl\u00e9 touristique r\u00e9sidence","og_url":"https:\/\/www.location-vacances-guyane.com\/en\/reservation-apartment-guyana\/","og_site_name":"Location Vacances Appart Hotel Guyane","article_modified_time":"2024-12-03T12:33:33+00:00","og_image":[{"width":2400,"height":1600,"url":"https:\/\/www.location-vacances-guyane.com\/wp-content\/uploads\/2023\/01\/res.hibiscus-002.jpg","type":"image\/jpeg"}],"twitter_card":"summary_large_image","twitter_misc":{"Est. reading time":"1 minute"},"schema":{"@context":"https:\/\/schema.org","@graph":[{"@type":"WebPage","@id":"https:\/\/www.location-vacances-guyane.com\/reservation-appartement-guyane\/","url":"https:\/\/www.location-vacances-guyane.com\/reservation-appartement-guyane\/","name":"French Guiana Apartment Reservation - Holiday Rental Appart Hotel French Guiana","isPartOf":{"@id":"https:\/\/www.location-vacances-guyane.com\/#website"},"primaryImageOfPage":{"@id":"https:\/\/www.location-vacances-guyane.com\/reservation-appartement-guyane\/#primaryimage"},"image":{"@id":"https:\/\/www.location-vacances-guyane.com\/reservation-appartement-guyane\/#primaryimage"},"thumbnailUrl":"https:\/\/www.location-vacances-guyane.com\/wp-content\/uploads\/2023\/01\/res.hibiscus-002.jpg","datePublished":"2022-12-12T09:11:29+00:00","dateModified":"2024-12-03T12:33:33+00:00","description":"Reservation apartment in French Guiana near Cayenne, Residence hibiscus 5 stars direct booking Furnished tourism residence","inLanguage":"en-US","potentialAction":[{"@type":"ReadAction","target":["https:\/\/www.location-vacances-guyane.com\/reservation-appartement-guyane\/"]}]},{"@type":"ImageObject","inLanguage":"en-US","@id":"https:\/\/www.location-vacances-guyane.com\/reservation-appartement-guyane\/#primaryimage","url":"https:\/\/www.location-vacances-guyane.com\/wp-content\/uploads\/2023\/01\/res.hibiscus-002.jpg","contentUrl":"https:\/\/www.location-vacances-guyane.com\/wp-content\/uploads\/2023\/01\/res.hibiscus-002.jpg","width":2400,"height":1600,"caption":"Location Vacances meubl\u00e9 tourisme Appart Hotel Guyane"},{"@type":"WebSite","@id":"https:\/\/www.location-vacances-guyane.com\/#website","url":"https:\/\/www.location-vacances-guyane.com\/","name":"Vacation Rental Appart Hotel French Guiana","description":"","publisher":{"@id":"https:\/\/www.location-vacances-guyane.com\/#organization"},"potentialAction":[{"@type":"SearchAction","target":{"@type":"EntryPoint","urlTemplate":"https:\/\/www.location-vacances-guyane.com\/?s={search_term_string}"},"query-input":{"@type":"PropertyValueSpecification","valueRequired":true,"valueName":"search_term_string"}}],"inLanguage":"en-US"},{"@type":"Organization","@id":"https:\/\/www.location-vacances-guyane.com\/#organization","name":"Vacation Rental Appart Hotel French Guiana","url":"https:\/\/www.location-vacances-guyane.com\/","logo":{"@type":"ImageObject","inLanguage":"en-US","@id":"https:\/\/www.location-vacances-guyane.com\/#\/schema\/logo\/image\/","url":"https:\/\/www.location-vacances-guyane.com\/wp-content\/uploads\/2023\/02\/200residence-hibiscus.png","contentUrl":"https:\/\/www.location-vacances-guyane.com\/wp-content\/uploads\/2023\/02\/200residence-hibiscus.png","width":200,"height":94,"caption":"Location Vacances Appart Hotel Guyane"},"image":{"@id":"https:\/\/www.location-vacances-guyane.com\/#\/schema\/logo\/image\/"}}]}},"_links":{"self":[{"href":"https:\/\/www.location-vacances-guyane.com\/en\/wp-json\/wp\/v2\/pages\/8206","targetHints":{"allow":["GET"]}}],"collection":[{"href":"https:\/\/www.location-vacances-guyane.com\/en\/wp-json\/wp\/v2\/pages"}],"about":[{"href":"https:\/\/www.location-vacances-guyane.com\/en\/wp-json\/wp\/v2\/types\/page"}],"author":[{"embeddable":true,"href":"https:\/\/www.location-vacances-guyane.com\/en\/wp-json\/wp\/v2\/users\/1"}],"replies":[{"embeddable":true,"href":"https:\/\/www.location-vacances-guyane.com\/en\/wp-json\/wp\/v2\/comments?post=8206"}],"version-history":[{"count":12,"href":"https:\/\/www.location-vacances-guyane.com\/en\/wp-json\/wp\/v2\/pages\/8206\/revisions"}],"predecessor-version":[{"id":9936,"href":"https:\/\/www.location-vacances-guyane.com\/en\/wp-json\/wp\/v2\/pages\/8206\/revisions\/9936"}],"wp:featuredmedia":[{"embeddable":true,"href":"https:\/\/www.location-vacances-guyane.com\/en\/wp-json\/wp\/v2\/media\/8699"}],"wp:attachment":[{"href":"https:\/\/www.location-vacances-guyane.com\/en\/wp-json\/wp\/v2\/media?parent=8206"}],"curies":[{"name":"wp","href":"https:\/\/api.w.org\/{rel}","templated":true}]}}